{"id":3,"date":"2024-02-23T01:22:04","date_gmt":"2024-02-23T01:22:04","guid":{"rendered":"https:\/\/b-smart-senegal.com\/?page_id=3"},"modified":"2024-03-19T10:44:03","modified_gmt":"2024-03-19T10:44:03","slug":"privacy-policy","status":"publish","type":"page","link":"https:\/\/b-smart-senegal.com\/?page_id=3","title":{"rendered":"Politique de confidentialit\u00e9 BSMART COMPANY"},"content":{"rendered":"\n<p><\/p>\n\n\n\n<hr class=\"wp-block-separator has-alpha-channel-opacity\"\/>\n\n\n\n<p><strong>Qui sommes-nous ?<\/strong><\/p>\n\n\n\n<p>Nous sommes l&rsquo;\u00e9quipe derri\u00e8re l&rsquo;application Actu-Afrique, S\u00e9n\u00e9gal, Mali, Guin\u00e9e, Gambia, Gabon, C\u00f4te D&rsquo;ivoire, Burkina Faso, Cameroun, Nig\u00e9ria, Angola, Mauritanie, Congo et d&rsquo;autres pays vont arriv\u00e9s par la suite . Vous pouvez nous contacter via l&rsquo;adresse e-mail suivante : [contact@b-smart-senegal.com].<\/p>\n\n\n\n<p><strong>Utilisation des donn\u00e9es personnelles collect\u00e9es<\/strong><\/p>\n\n\n\n<p>Nous ne collectons aucune donn\u00e9e personnelle ou sensible des utilisateurs.<\/p>\n\n\n\n<p><strong>Commentaires<\/strong><\/p>\n\n\n\n<p>Aucune donn\u00e9e n&rsquo;est r\u00e9cup\u00e9r\u00e9e via les commentaires.<\/p>\n\n\n\n<p><strong>M\u00e9dias<\/strong><\/p>\n\n\n\n<p>Les fichiers t\u00e9l\u00e9vers\u00e9s dans notre application sont g\u00e9n\u00e9ralement accessibles publiquement.<\/p>\n\n\n\n<p><strong>Formulaires de contact<\/strong><\/p>\n\n\n\n<p>Nous n&rsquo;incluons pas de formulaire de contact par d\u00e9faut. Si vous utilisez une extension de formulaire de contact, veuillez vous r\u00e9f\u00e9rer \u00e0 sa politique de confidentialit\u00e9 pour plus d&rsquo;informations sur les donn\u00e9es personnelles collect\u00e9es.<\/p>\n\n\n\n<p><strong>Cookies<\/strong><\/p>\n\n\n\n<p>Aucun cookie n&rsquo;est utilis\u00e9 par notre application.<\/p>\n\n\n\n<p><strong>Statistiques et mesures d\u2019audience<\/strong><\/p>\n\n\n\n<p>Aucun outil de statistiques n&rsquo;est utilis\u00e9 pour mesurer l&rsquo;audience de notre application.<\/p>\n\n\n\n<p><strong>Utilisation et transmission de vos donn\u00e9es personnelles<\/strong><\/p>\n\n\n\n<p>Nous ne partageons aucune donn\u00e9e personnelle avec des tiers.<\/p>\n\n\n\n<p><strong>Dur\u00e9es de stockage de vos donn\u00e9es<\/strong><\/p>\n\n\n\n<p>Aucune donn\u00e9e personnelle n&rsquo;est stock\u00e9e par notre application.<\/p>\n\n\n\n<p><strong>Les droits que vous avez sur vos donn\u00e9es<\/strong><\/p>\n\n\n\n<p>En raison de la nature de notre application, aucun compte utilisateur n&rsquo;est n\u00e9cessaire, donc aucun droit n&rsquo;est applicable.<\/p>\n\n\n\n<p><strong>O\u00f9 vos donn\u00e9es sont envoy\u00e9es<\/strong><\/p>\n\n\n\n<p>Aucune donn\u00e9e n&rsquo;est transf\u00e9r\u00e9e en dehors de l&rsquo;Union Europ\u00e9enne.<\/p>\n\n\n\n<p><strong>Informations de contact<\/strong><\/p>\n\n\n\n<p>Pour toute demande concernant la vie priv\u00e9e, veuillez nous contacter \u00e0 l&rsquo;adresse e-mail suivante : [contact@b-smart-senegal.com].<\/p>\n\n\n\n<hr class=\"wp-block-separator has-alpha-channel-opacity\"\/>\n\n\n\n<p><\/p>\n","protected":false},"excerpt":{"rendered":"<p>Qui sommes-nous ? Nous sommes l&rsquo;\u00e9quipe derri\u00e8re l&rsquo;application Actu-Afrique, S\u00e9n\u00e9gal, Mali, Guin\u00e9e, Gambia, Gabon, C\u00f4te D&rsquo;ivoire, Burkina Faso, Cameroun, Nig\u00e9ria, Angola, Mauritanie, Congo et d&rsquo;autres pays vont arriv\u00e9s par la suite . Vous pouvez nous contacter via l&rsquo;adresse e-mail suivante : [contact@b-smart-senegal.com]. Utilisation des donn\u00e9es personnelles collect\u00e9es Nous ne collectons aucune donn\u00e9e personnelle ou sensible [&hellip;]<\/p>\n","protected":false},"author":1,"featured_media":0,"parent":0,"menu_order":0,"comment_status":"closed","ping_status":"closed","template":"","meta":{"footnotes":""},"class_list":["post-3","page","type-page","status-publish","hentry"],"_links":{"self":[{"href":"https:\/\/b-smart-senegal.com\/index.php?rest_route=\/wp\/v2\/pages\/3","targetHints":{"allow":["GET"]}}],"collection":[{"href":"https:\/\/b-smart-senegal.com\/index.php?rest_route=\/wp\/v2\/pages"}],"about":[{"href":"https:\/\/b-smart-senegal.com\/index.php?rest_route=\/wp\/v2\/types\/page"}],"author":[{"embeddable":true,"href":"https:\/\/b-smart-senegal.com\/index.php?rest_route=\/wp\/v2\/users\/1"}],"replies":[{"embeddable":true,"href":"https:\/\/b-smart-senegal.com\/index.php?rest_route=%2Fwp%2Fv2%2Fcomments&post=3"}],"version-history":[{"count":3,"href":"https:\/\/b-smart-senegal.com\/index.php?rest_route=\/wp\/v2\/pages\/3\/revisions"}],"predecessor-version":[{"id":14,"href":"https:\/\/b-smart-senegal.com\/index.php?rest_route=\/wp\/v2\/pages\/3\/revisions\/14"}],"wp:attachment":[{"href":"https:\/\/b-smart-senegal.com\/index.php?rest_route=%2Fwp%2Fv2%2Fmedia&parent=3"}],"curies":[{"name":"wp","href":"https:\/\/api.w.org\/{rel}","templated":true}]}}